{"id":14,"date":"2025-01-21T13:12:01","date_gmt":"2025-01-21T13:12:01","guid":{"rendered":"https:\/\/rdjgestion.es\/?page_id=14"},"modified":"2025-02-17T12:49:01","modified_gmt":"2025-02-17T12:49:01","slug":"inicio","status":"publish","type":"page","link":"https:\/\/rdjgestion.es\/","title":{"rendered":"Inicio"},"content":{"rendered":"\t\t<div data-elementor-type=\"wp-page\" data-elementor-id=\"14\" class=\"elementor elementor-14\">\n\t\t\t\t<div class=\"elementor-element elementor-element-7bd7096a e-flex e-con-boxed e-con e-parent\" data-id=\"7bd7096a\" data-element_type=\"container\">\n\t\t\t\t\t<div class=\"e-con-inner\">\n\t\t\t\t<div class=\"elementor-element elementor-element-c9fa1e8 elementor-widget elementor-widget-heading\" data-id=\"c9fa1e8\" data-element_type=\"widget\" data-widget_type=\"heading.default\">\n\t\t\t\t<div class=\"elementor-widget-container\">\n\t\t\t\t\t<h2 class=\"elementor-heading-title elementor-size-default\">SOBRE RDJ<\/h2>\t\t\t\t<\/div>\n\t\t\t\t<\/div>\n\t\t\t\t<div class=\"elementor-element elementor-element-2cc846cb elementor-widget elementor-widget-text-editor\" data-id=\"2cc846cb\" data-element_type=\"widget\" data-widget_type=\"text-editor.default\">\n\t\t\t\t<div class=\"elementor-widget-container\">\n\t\t\t\t\t\t\t\t\t\n<p>RDJ es una consultor\u00eda que se crea a ra\u00edz de las relaciones<br \/>profesionales existentes entre sus socios fundadores.<\/p>\n\n<p>Con m\u00e1s de 35 a\u00f1os de experiencia en diversos sectores del<br \/>tejido productivo de la Comunidad Valenciana, los miembros de<br \/>RDJ pueden ofrecer un alto Valor A\u00f1adido a las empresas en las<br \/>que act\u00faen.<\/p>\n\n<p>Desde la instalaci\u00f3n de un ERP a medida de cada Organizaci\u00f3n,<br \/>hasta el apoyo en la refinanciaci\u00f3n de pasivos, RDJ garantiza un<br \/>servicio al m\u00e1s alto nivel en cada actuaci\u00f3n.<\/p>\n\n<p>\u00a0<\/p>\n\t\t\t\t\t\t\t\t<\/div>\n\t\t\t\t<\/div>\n\t\t\t\t\t<\/div>\n\t\t\t\t<\/div>\n\t\t<div class=\"elementor-element elementor-element-9d70f39 e-flex e-con-boxed e-con e-parent\" data-id=\"9d70f39\" data-element_type=\"container\">\n\t\t\t\t\t<div class=\"e-con-inner\">\n\t\t\t\t\t<\/div>\n\t\t\t\t<\/div>\n\t\t\t\t<\/div>\n\t\t","protected":false},"excerpt":{"rendered":"<p>SOBRE RDJ RDJ es una consultor\u00eda que se crea a ra\u00edz de las relacionesprofesionales existentes entre sus socios fundadores. Con m\u00e1s de 35 a\u00f1os de experiencia en diversos sectores deltejido productivo de la Comunidad Valenciana, los miembros deRDJ pueden ofrecer un alto Valor A\u00f1adido a las empresas en lasque act\u00faen. Desde la instalaci\u00f3n de un &hellip; <\/p>\n<p class=\"link-more\"><a href=\"https:\/\/rdjgestion.es\/\" class=\"more-link\">Continuar leyendo<span class=\"screen-reader-text\"> \u00abInicio\u00bb<\/span><\/a><\/p>\n","protected":false},"author":1,"featured_media":53,"parent":0,"menu_order":0,"comment_status":"closed","ping_status":"closed","template":"","meta":{"footnotes":""},"class_list":["post-14","page","type-page","status-publish","has-post-thumbnail","hentry"],"yoast_head":"<!-- This site is optimized with the Yoast SEO plugin v27.4 - https:\/\/yoast.com\/product\/yoast-seo-wordpress\/ -->\n<title>Inicio - RENO DUBLIN Y JERUSALEN, S.L.<\/title>\n<meta name=\"robots\" content=\"index, follow, max-snippet:-1, max-image-preview:large, max-video-preview:-1\" \/>\n<link rel=\"canonical\" href=\"https:\/\/rdjgestion.es\/\" \/>\n<meta property=\"og:locale\" content=\"es_ES\" \/>\n<meta property=\"og:type\" content=\"article\" \/>\n<meta property=\"og:title\" content=\"Inicio - RENO DUBLIN Y JERUSALEN, S.L.\" \/>\n<meta property=\"og:description\" content=\"SOBRE RDJ RDJ es una consultor\u00eda que se crea a ra\u00edz de las relacionesprofesionales existentes entre sus socios fundadores. Con m\u00e1s de 35 a\u00f1os de experiencia en diversos sectores deltejido productivo de la Comunidad Valenciana, los miembros deRDJ pueden ofrecer un alto Valor A\u00f1adido a las empresas en lasque act\u00faen. Desde la instalaci\u00f3n de un &hellip; Continuar leyendo &quot;Inicio&quot;\" \/>\n<meta property=\"og:url\" content=\"https:\/\/rdjgestion.es\/\" \/>\n<meta property=\"og:site_name\" content=\"RENO DUBLIN Y JERUSALEN, S.L.\" \/>\n<meta property=\"article:modified_time\" content=\"2025-02-17T12:49:01+00:00\" \/>\n<meta property=\"og:image\" content=\"https:\/\/rdjgestion.es\/wp-content\/uploads\/2025\/01\/scott-graham-5fNmWej4tAA-unsplash-scaled.jpg\" \/>\n\t<meta property=\"og:image:width\" content=\"2560\" \/>\n\t<meta property=\"og:image:height\" content=\"1709\" \/>\n\t<meta property=\"og:image:type\" content=\"image\/jpeg\" \/>\n<meta name=\"twitter:card\" content=\"summary_large_image\" \/>\n<script type=\"application\/ld+json\" class=\"yoast-schema-graph\">{\"@context\":\"https:\\\/\\\/schema.org\",\"@graph\":[{\"@type\":\"WebPage\",\"@id\":\"https:\\\/\\\/rdjgestion.es\\\/\",\"url\":\"https:\\\/\\\/rdjgestion.es\\\/\",\"name\":\"Inicio - RENO DUBLIN Y JERUSALEN, S.L.\",\"isPartOf\":{\"@id\":\"https:\\\/\\\/rdjgestion.es\\\/#website\"},\"primaryImageOfPage\":{\"@id\":\"https:\\\/\\\/rdjgestion.es\\\/#primaryimage\"},\"image\":{\"@id\":\"https:\\\/\\\/rdjgestion.es\\\/#primaryimage\"},\"thumbnailUrl\":\"https:\\\/\\\/rdjgestion.es\\\/wp-content\\\/uploads\\\/2025\\\/01\\\/scott-graham-5fNmWej4tAA-unsplash-scaled.jpg\",\"datePublished\":\"2025-01-21T13:12:01+00:00\",\"dateModified\":\"2025-02-17T12:49:01+00:00\",\"breadcrumb\":{\"@id\":\"https:\\\/\\\/rdjgestion.es\\\/#breadcrumb\"},\"inLanguage\":\"es\",\"potentialAction\":[{\"@type\":\"ReadAction\",\"target\":[\"https:\\\/\\\/rdjgestion.es\\\/\"]}]},{\"@type\":\"ImageObject\",\"inLanguage\":\"es\",\"@id\":\"https:\\\/\\\/rdjgestion.es\\\/#primaryimage\",\"url\":\"https:\\\/\\\/rdjgestion.es\\\/wp-content\\\/uploads\\\/2025\\\/01\\\/scott-graham-5fNmWej4tAA-unsplash-scaled.jpg\",\"contentUrl\":\"https:\\\/\\\/rdjgestion.es\\\/wp-content\\\/uploads\\\/2025\\\/01\\\/scott-graham-5fNmWej4tAA-unsplash-scaled.jpg\",\"width\":2560,\"height\":1709},{\"@type\":\"BreadcrumbList\",\"@id\":\"https:\\\/\\\/rdjgestion.es\\\/#breadcrumb\",\"itemListElement\":[{\"@type\":\"ListItem\",\"position\":1,\"name\":\"Portada\",\"item\":\"https:\\\/\\\/rdjgestion.es\\\/\"},{\"@type\":\"ListItem\",\"position\":2,\"name\":\"Inicio\"}]},{\"@type\":\"WebSite\",\"@id\":\"https:\\\/\\\/rdjgestion.es\\\/#website\",\"url\":\"https:\\\/\\\/rdjgestion.es\\\/\",\"name\":\"RENO DUBLIN Y JERUSALEN, S.L.\",\"description\":\"\",\"publisher\":{\"@id\":\"https:\\\/\\\/rdjgestion.es\\\/#organization\"},\"potentialAction\":[{\"@type\":\"SearchAction\",\"target\":{\"@type\":\"EntryPoint\",\"urlTemplate\":\"https:\\\/\\\/rdjgestion.es\\\/?s={search_term_string}\"},\"query-input\":{\"@type\":\"PropertyValueSpecification\",\"valueRequired\":true,\"valueName\":\"search_term_string\"}}],\"inLanguage\":\"es\"},{\"@type\":\"Organization\",\"@id\":\"https:\\\/\\\/rdjgestion.es\\\/#organization\",\"name\":\"RENO DUBLIN Y JERUSALEN, S.L.\",\"url\":\"https:\\\/\\\/rdjgestion.es\\\/\",\"logo\":{\"@type\":\"ImageObject\",\"inLanguage\":\"es\",\"@id\":\"https:\\\/\\\/rdjgestion.es\\\/#\\\/schema\\\/logo\\\/image\\\/\",\"url\":\"https:\\\/\\\/rdjgestion.es\\\/wp-content\\\/uploads\\\/2025\\\/02\\\/cropped-LOGO-RDJ-1.png\",\"contentUrl\":\"https:\\\/\\\/rdjgestion.es\\\/wp-content\\\/uploads\\\/2025\\\/02\\\/cropped-LOGO-RDJ-1.png\",\"width\":512,\"height\":512,\"caption\":\"RENO DUBLIN Y JERUSALEN, S.L.\"},\"image\":{\"@id\":\"https:\\\/\\\/rdjgestion.es\\\/#\\\/schema\\\/logo\\\/image\\\/\"}}]}<\/script>\n<!-- \/ Yoast SEO plugin. -->","yoast_head_json":{"title":"Inicio - RENO DUBLIN Y JERUSALEN, S.L.","robots":{"index":"index","follow":"follow","max-snippet":"max-snippet:-1","max-image-preview":"max-image-preview:large","max-video-preview":"max-video-preview:-1"},"canonical":"https:\/\/rdjgestion.es\/","og_locale":"es_ES","og_type":"article","og_title":"Inicio - RENO DUBLIN Y JERUSALEN, S.L.","og_description":"SOBRE RDJ RDJ es una consultor\u00eda que se crea a ra\u00edz de las relacionesprofesionales existentes entre sus socios fundadores. Con m\u00e1s de 35 a\u00f1os de experiencia en diversos sectores deltejido productivo de la Comunidad Valenciana, los miembros deRDJ pueden ofrecer un alto Valor A\u00f1adido a las empresas en lasque act\u00faen. Desde la instalaci\u00f3n de un &hellip; Continuar leyendo \"Inicio\"","og_url":"https:\/\/rdjgestion.es\/","og_site_name":"RENO DUBLIN Y JERUSALEN, S.L.","article_modified_time":"2025-02-17T12:49:01+00:00","og_image":[{"width":2560,"height":1709,"url":"https:\/\/rdjgestion.es\/wp-content\/uploads\/2025\/01\/scott-graham-5fNmWej4tAA-unsplash-scaled.jpg","type":"image\/jpeg"}],"twitter_card":"summary_large_image","schema":{"@context":"https:\/\/schema.org","@graph":[{"@type":"WebPage","@id":"https:\/\/rdjgestion.es\/","url":"https:\/\/rdjgestion.es\/","name":"Inicio - RENO DUBLIN Y JERUSALEN, S.L.","isPartOf":{"@id":"https:\/\/rdjgestion.es\/#website"},"primaryImageOfPage":{"@id":"https:\/\/rdjgestion.es\/#primaryimage"},"image":{"@id":"https:\/\/rdjgestion.es\/#primaryimage"},"thumbnailUrl":"https:\/\/rdjgestion.es\/wp-content\/uploads\/2025\/01\/scott-graham-5fNmWej4tAA-unsplash-scaled.jpg","datePublished":"2025-01-21T13:12:01+00:00","dateModified":"2025-02-17T12:49:01+00:00","breadcrumb":{"@id":"https:\/\/rdjgestion.es\/#breadcrumb"},"inLanguage":"es","potentialAction":[{"@type":"ReadAction","target":["https:\/\/rdjgestion.es\/"]}]},{"@type":"ImageObject","inLanguage":"es","@id":"https:\/\/rdjgestion.es\/#primaryimage","url":"https:\/\/rdjgestion.es\/wp-content\/uploads\/2025\/01\/scott-graham-5fNmWej4tAA-unsplash-scaled.jpg","contentUrl":"https:\/\/rdjgestion.es\/wp-content\/uploads\/2025\/01\/scott-graham-5fNmWej4tAA-unsplash-scaled.jpg","width":2560,"height":1709},{"@type":"BreadcrumbList","@id":"https:\/\/rdjgestion.es\/#breadcrumb","itemListElement":[{"@type":"ListItem","position":1,"name":"Portada","item":"https:\/\/rdjgestion.es\/"},{"@type":"ListItem","position":2,"name":"Inicio"}]},{"@type":"WebSite","@id":"https:\/\/rdjgestion.es\/#website","url":"https:\/\/rdjgestion.es\/","name":"RENO DUBLIN Y JERUSALEN, S.L.","description":"","publisher":{"@id":"https:\/\/rdjgestion.es\/#organization"},"potentialAction":[{"@type":"SearchAction","target":{"@type":"EntryPoint","urlTemplate":"https:\/\/rdjgestion.es\/?s={search_term_string}"},"query-input":{"@type":"PropertyValueSpecification","valueRequired":true,"valueName":"search_term_string"}}],"inLanguage":"es"},{"@type":"Organization","@id":"https:\/\/rdjgestion.es\/#organization","name":"RENO DUBLIN Y JERUSALEN, S.L.","url":"https:\/\/rdjgestion.es\/","logo":{"@type":"ImageObject","inLanguage":"es","@id":"https:\/\/rdjgestion.es\/#\/schema\/logo\/image\/","url":"https:\/\/rdjgestion.es\/wp-content\/uploads\/2025\/02\/cropped-LOGO-RDJ-1.png","contentUrl":"https:\/\/rdjgestion.es\/wp-content\/uploads\/2025\/02\/cropped-LOGO-RDJ-1.png","width":512,"height":512,"caption":"RENO DUBLIN Y JERUSALEN, S.L."},"image":{"@id":"https:\/\/rdjgestion.es\/#\/schema\/logo\/image\/"}}]}},"_links":{"self":[{"href":"https:\/\/rdjgestion.es\/index.php\/wp-json\/wp\/v2\/pages\/14","targetHints":{"allow":["GET"]}}],"collection":[{"href":"https:\/\/rdjgestion.es\/index.php\/wp-json\/wp\/v2\/pages"}],"about":[{"href":"https:\/\/rdjgestion.es\/index.php\/wp-json\/wp\/v2\/types\/page"}],"author":[{"embeddable":true,"href":"https:\/\/rdjgestion.es\/index.php\/wp-json\/wp\/v2\/users\/1"}],"replies":[{"embeddable":true,"href":"https:\/\/rdjgestion.es\/index.php\/wp-json\/wp\/v2\/comments?post=14"}],"version-history":[{"count":5,"href":"https:\/\/rdjgestion.es\/index.php\/wp-json\/wp\/v2\/pages\/14\/revisions"}],"predecessor-version":[{"id":988595,"href":"https:\/\/rdjgestion.es\/index.php\/wp-json\/wp\/v2\/pages\/14\/revisions\/988595"}],"wp:featuredmedia":[{"embeddable":true,"href":"https:\/\/rdjgestion.es\/index.php\/wp-json\/wp\/v2\/media\/53"}],"wp:attachment":[{"href":"https:\/\/rdjgestion.es\/index.php\/wp-json\/wp\/v2\/media?parent=14"}],"curies":[{"name":"wp","href":"https:\/\/api.w.org\/{rel}","templated":true}]}}