{"id":18,"date":"2025-01-21T13:14:00","date_gmt":"2025-01-21T13:14:00","guid":{"rendered":"https:\/\/rdjgestion.es\/?page_id=18"},"modified":"2025-01-23T14:14:50","modified_gmt":"2025-01-23T14:14:50","slug":"servicios","status":"publish","type":"page","link":"https:\/\/rdjgestion.es\/index.php\/servicios\/","title":{"rendered":"Servicios"},"content":{"rendered":"\t\t<div data-elementor-type=\"wp-page\" data-elementor-id=\"18\" class=\"elementor elementor-18\">\n\t\t\t\t<div class=\"elementor-element elementor-element-55a88f64 e-flex e-con-boxed e-con e-parent\" data-id=\"55a88f64\" data-element_type=\"container\">\n\t\t\t\t\t<div class=\"e-con-inner\">\n\t\t\t\t<div class=\"elementor-element elementor-element-c0b9f25 elementor-widget elementor-widget-heading\" data-id=\"c0b9f25\" data-element_type=\"widget\" data-widget_type=\"heading.default\">\n\t\t\t\t<div class=\"elementor-widget-container\">\n\t\t\t\t\t<h2 class=\"elementor-heading-title elementor-size-default\">NUESTROS SERVICIOS<\/h2>\t\t\t\t<\/div>\n\t\t\t\t<\/div>\n\t\t\t\t<div class=\"elementor-element elementor-element-1b9050a5 elementor-widget elementor-widget-text-editor\" data-id=\"1b9050a5\" data-element_type=\"widget\" data-widget_type=\"text-editor.default\">\n\t\t\t\t<div class=\"elementor-widget-container\">\n\t\t\t\t\t\t\t\t\t<p><strong>Consultor\u00eda Estrat\u00e9gica:<\/strong><\/p>\n<ul>\n<li>Apoyo en la toma de decisiones<\/li>\n<li>B\u00fasqueda de financiaci\u00f3n de proyectos<\/li>\n<li>Reestructuraci\u00f3n financiera y planes de<br \/>viabilidad<\/li>\n<li>Preparaci\u00f3n y an\u00e1lisis de planes de negocio<\/li>\n<\/ul>\n<p>\u00a0<\/p>\n<p><strong>Asesor\u00eda de Empresas:<\/strong><\/p>\n<ul>\n<li>Planificaci\u00f3n contable y fiscal<\/li>\n<li>Gesti\u00f3n de la relaci\u00f3n con auditores externos<\/li>\n<li>Consolidaci\u00f3n de estados financieros<\/li>\n<li>Gesti\u00f3n de subvenciones<\/li>\n<\/ul>\n<p>\u00a0<\/p>\n<p><strong>Servicios Inform\u00e1ticos:<\/strong><\/p>\n<ul>\n<li>Instalaci\u00f3n de aplicaciones est\u00e1ndar: contabilidad, facturaci\u00f3n, etc&#8230;<\/li>\n<li>Dise\u00f1o y programaci\u00f3n de software a medida: ERP, CRM<\/li>\n<\/ul>\n<p>\u00a0<\/p>\t\t\t\t\t\t\t\t<\/div>\n\t\t\t\t<\/div>\n\t\t\t\t\t<\/div>\n\t\t\t\t<\/div>\n\t\t\t\t<\/div>\n\t\t","protected":false},"excerpt":{"rendered":"<p>NUESTROS SERVICIOS Consultor\u00eda Estrat\u00e9gica: Apoyo en la toma de decisiones B\u00fasqueda de financiaci\u00f3n de proyectos Reestructuraci\u00f3n financiera y planes deviabilidad Preparaci\u00f3n y an\u00e1lisis de planes de negocio \u00a0 Asesor\u00eda de Empresas: Planificaci\u00f3n contable y fiscal Gesti\u00f3n de la relaci\u00f3n con auditores externos Consolidaci\u00f3n de estados financieros Gesti\u00f3n de subvenciones \u00a0 Servicios Inform\u00e1ticos: Instalaci\u00f3n de aplicaciones &hellip; <\/p>\n<p class=\"link-more\"><a href=\"https:\/\/rdjgestion.es\/index.php\/servicios\/\" class=\"more-link\">Continuar leyendo<span class=\"screen-reader-text\"> \u00abServicios\u00bb<\/span><\/a><\/p>\n","protected":false},"author":1,"featured_media":988511,"parent":0,"menu_order":0,"comment_status":"closed","ping_status":"closed","template":"","meta":{"footnotes":""},"class_list":["post-18","page","type-page","status-publish","has-post-thumbnail","hentry"],"yoast_head":"<!-- This site is optimized with the Yoast SEO plugin v27.4 - https:\/\/yoast.com\/product\/yoast-seo-wordpress\/ -->\n<title>Servicios - RENO DUBLIN Y JERUSALEN, S.L.<\/title>\n<meta name=\"robots\" content=\"index, follow, max-snippet:-1, max-image-preview:large, max-video-preview:-1\" \/>\n<link rel=\"canonical\" href=\"https:\/\/rdjgestion.es\/index.php\/servicios\/\" \/>\n<meta property=\"og:locale\" content=\"es_ES\" \/>\n<meta property=\"og:type\" content=\"article\" \/>\n<meta property=\"og:title\" content=\"Servicios - RENO DUBLIN Y JERUSALEN, S.L.\" \/>\n<meta property=\"og:description\" content=\"NUESTROS SERVICIOS Consultor\u00eda Estrat\u00e9gica: Apoyo en la toma de decisiones B\u00fasqueda de financiaci\u00f3n de proyectos Reestructuraci\u00f3n financiera y planes deviabilidad Preparaci\u00f3n y an\u00e1lisis de planes de negocio \u00a0 Asesor\u00eda de Empresas: Planificaci\u00f3n contable y fiscal Gesti\u00f3n de la relaci\u00f3n con auditores externos Consolidaci\u00f3n de estados financieros Gesti\u00f3n de subvenciones \u00a0 Servicios Inform\u00e1ticos: Instalaci\u00f3n de aplicaciones &hellip; Continuar leyendo &quot;Servicios&quot;\" \/>\n<meta property=\"og:url\" content=\"https:\/\/rdjgestion.es\/index.php\/servicios\/\" \/>\n<meta property=\"og:site_name\" content=\"RENO DUBLIN Y JERUSALEN, S.L.\" \/>\n<meta property=\"article:modified_time\" content=\"2025-01-23T14:14:50+00:00\" \/>\n<meta property=\"og:image\" content=\"https:\/\/rdjgestion.es\/wp-content\/uploads\/2025\/01\/pexels-fauxels-3183150-scaled.jpg\" \/>\n\t<meta property=\"og:image:width\" content=\"2560\" \/>\n\t<meta property=\"og:image:height\" content=\"1708\" \/>\n\t<meta property=\"og:image:type\" content=\"image\/jpeg\" \/>\n<meta name=\"twitter:card\" content=\"summary_large_image\" \/>\n<script type=\"application\/ld+json\" class=\"yoast-schema-graph\">{\"@context\":\"https:\\\/\\\/schema.org\",\"@graph\":[{\"@type\":\"WebPage\",\"@id\":\"https:\\\/\\\/rdjgestion.es\\\/index.php\\\/servicios\\\/\",\"url\":\"https:\\\/\\\/rdjgestion.es\\\/index.php\\\/servicios\\\/\",\"name\":\"Servicios - RENO DUBLIN Y JERUSALEN, S.L.\",\"isPartOf\":{\"@id\":\"https:\\\/\\\/rdjgestion.es\\\/#website\"},\"primaryImageOfPage\":{\"@id\":\"https:\\\/\\\/rdjgestion.es\\\/index.php\\\/servicios\\\/#primaryimage\"},\"image\":{\"@id\":\"https:\\\/\\\/rdjgestion.es\\\/index.php\\\/servicios\\\/#primaryimage\"},\"thumbnailUrl\":\"https:\\\/\\\/rdjgestion.es\\\/wp-content\\\/uploads\\\/2025\\\/01\\\/pexels-fauxels-3183150-scaled.jpg\",\"datePublished\":\"2025-01-21T13:14:00+00:00\",\"dateModified\":\"2025-01-23T14:14:50+00:00\",\"breadcrumb\":{\"@id\":\"https:\\\/\\\/rdjgestion.es\\\/index.php\\\/servicios\\\/#breadcrumb\"},\"inLanguage\":\"es\",\"potentialAction\":[{\"@type\":\"ReadAction\",\"target\":[\"https:\\\/\\\/rdjgestion.es\\\/index.php\\\/servicios\\\/\"]}]},{\"@type\":\"ImageObject\",\"inLanguage\":\"es\",\"@id\":\"https:\\\/\\\/rdjgestion.es\\\/index.php\\\/servicios\\\/#primaryimage\",\"url\":\"https:\\\/\\\/rdjgestion.es\\\/wp-content\\\/uploads\\\/2025\\\/01\\\/pexels-fauxels-3183150-scaled.jpg\",\"contentUrl\":\"https:\\\/\\\/rdjgestion.es\\\/wp-content\\\/uploads\\\/2025\\\/01\\\/pexels-fauxels-3183150-scaled.jpg\",\"width\":2560,\"height\":1708},{\"@type\":\"BreadcrumbList\",\"@id\":\"https:\\\/\\\/rdjgestion.es\\\/index.php\\\/servicios\\\/#breadcrumb\",\"itemListElement\":[{\"@type\":\"ListItem\",\"position\":1,\"name\":\"Portada\",\"item\":\"https:\\\/\\\/rdjgestion.es\\\/\"},{\"@type\":\"ListItem\",\"position\":2,\"name\":\"Servicios\"}]},{\"@type\":\"WebSite\",\"@id\":\"https:\\\/\\\/rdjgestion.es\\\/#website\",\"url\":\"https:\\\/\\\/rdjgestion.es\\\/\",\"name\":\"RENO DUBLIN Y JERUSALEN, S.L.\",\"description\":\"\",\"publisher\":{\"@id\":\"https:\\\/\\\/rdjgestion.es\\\/#organization\"},\"potentialAction\":[{\"@type\":\"SearchAction\",\"target\":{\"@type\":\"EntryPoint\",\"urlTemplate\":\"https:\\\/\\\/rdjgestion.es\\\/?s={search_term_string}\"},\"query-input\":{\"@type\":\"PropertyValueSpecification\",\"valueRequired\":true,\"valueName\":\"search_term_string\"}}],\"inLanguage\":\"es\"},{\"@type\":\"Organization\",\"@id\":\"https:\\\/\\\/rdjgestion.es\\\/#organization\",\"name\":\"RENO DUBLIN Y JERUSALEN, S.L.\",\"url\":\"https:\\\/\\\/rdjgestion.es\\\/\",\"logo\":{\"@type\":\"ImageObject\",\"inLanguage\":\"es\",\"@id\":\"https:\\\/\\\/rdjgestion.es\\\/#\\\/schema\\\/logo\\\/image\\\/\",\"url\":\"https:\\\/\\\/rdjgestion.es\\\/wp-content\\\/uploads\\\/2025\\\/02\\\/cropped-LOGO-RDJ-1.png\",\"contentUrl\":\"https:\\\/\\\/rdjgestion.es\\\/wp-content\\\/uploads\\\/2025\\\/02\\\/cropped-LOGO-RDJ-1.png\",\"width\":512,\"height\":512,\"caption\":\"RENO DUBLIN Y JERUSALEN, S.L.\"},\"image\":{\"@id\":\"https:\\\/\\\/rdjgestion.es\\\/#\\\/schema\\\/logo\\\/image\\\/\"}}]}<\/script>\n<!-- \/ Yoast SEO plugin. -->","yoast_head_json":{"title":"Servicios - RENO DUBLIN Y JERUSALEN, S.L.","robots":{"index":"index","follow":"follow","max-snippet":"max-snippet:-1","max-image-preview":"max-image-preview:large","max-video-preview":"max-video-preview:-1"},"canonical":"https:\/\/rdjgestion.es\/index.php\/servicios\/","og_locale":"es_ES","og_type":"article","og_title":"Servicios - RENO DUBLIN Y JERUSALEN, S.L.","og_description":"NUESTROS SERVICIOS Consultor\u00eda Estrat\u00e9gica: Apoyo en la toma de decisiones B\u00fasqueda de financiaci\u00f3n de proyectos Reestructuraci\u00f3n financiera y planes deviabilidad Preparaci\u00f3n y an\u00e1lisis de planes de negocio \u00a0 Asesor\u00eda de Empresas: Planificaci\u00f3n contable y fiscal Gesti\u00f3n de la relaci\u00f3n con auditores externos Consolidaci\u00f3n de estados financieros Gesti\u00f3n de subvenciones \u00a0 Servicios Inform\u00e1ticos: Instalaci\u00f3n de aplicaciones &hellip; Continuar leyendo \"Servicios\"","og_url":"https:\/\/rdjgestion.es\/index.php\/servicios\/","og_site_name":"RENO DUBLIN Y JERUSALEN, S.L.","article_modified_time":"2025-01-23T14:14:50+00:00","og_image":[{"width":2560,"height":1708,"url":"https:\/\/rdjgestion.es\/wp-content\/uploads\/2025\/01\/pexels-fauxels-3183150-scaled.jpg","type":"image\/jpeg"}],"twitter_card":"summary_large_image","schema":{"@context":"https:\/\/schema.org","@graph":[{"@type":"WebPage","@id":"https:\/\/rdjgestion.es\/index.php\/servicios\/","url":"https:\/\/rdjgestion.es\/index.php\/servicios\/","name":"Servicios - RENO DUBLIN Y JERUSALEN, S.L.","isPartOf":{"@id":"https:\/\/rdjgestion.es\/#website"},"primaryImageOfPage":{"@id":"https:\/\/rdjgestion.es\/index.php\/servicios\/#primaryimage"},"image":{"@id":"https:\/\/rdjgestion.es\/index.php\/servicios\/#primaryimage"},"thumbnailUrl":"https:\/\/rdjgestion.es\/wp-content\/uploads\/2025\/01\/pexels-fauxels-3183150-scaled.jpg","datePublished":"2025-01-21T13:14:00+00:00","dateModified":"2025-01-23T14:14:50+00:00","breadcrumb":{"@id":"https:\/\/rdjgestion.es\/index.php\/servicios\/#breadcrumb"},"inLanguage":"es","potentialAction":[{"@type":"ReadAction","target":["https:\/\/rdjgestion.es\/index.php\/servicios\/"]}]},{"@type":"ImageObject","inLanguage":"es","@id":"https:\/\/rdjgestion.es\/index.php\/servicios\/#primaryimage","url":"https:\/\/rdjgestion.es\/wp-content\/uploads\/2025\/01\/pexels-fauxels-3183150-scaled.jpg","contentUrl":"https:\/\/rdjgestion.es\/wp-content\/uploads\/2025\/01\/pexels-fauxels-3183150-scaled.jpg","width":2560,"height":1708},{"@type":"BreadcrumbList","@id":"https:\/\/rdjgestion.es\/index.php\/servicios\/#breadcrumb","itemListElement":[{"@type":"ListItem","position":1,"name":"Portada","item":"https:\/\/rdjgestion.es\/"},{"@type":"ListItem","position":2,"name":"Servicios"}]},{"@type":"WebSite","@id":"https:\/\/rdjgestion.es\/#website","url":"https:\/\/rdjgestion.es\/","name":"RENO DUBLIN Y JERUSALEN, S.L.","description":"","publisher":{"@id":"https:\/\/rdjgestion.es\/#organization"},"potentialAction":[{"@type":"SearchAction","target":{"@type":"EntryPoint","urlTemplate":"https:\/\/rdjgestion.es\/?s={search_term_string}"},"query-input":{"@type":"PropertyValueSpecification","valueRequired":true,"valueName":"search_term_string"}}],"inLanguage":"es"},{"@type":"Organization","@id":"https:\/\/rdjgestion.es\/#organization","name":"RENO DUBLIN Y JERUSALEN, S.L.","url":"https:\/\/rdjgestion.es\/","logo":{"@type":"ImageObject","inLanguage":"es","@id":"https:\/\/rdjgestion.es\/#\/schema\/logo\/image\/","url":"https:\/\/rdjgestion.es\/wp-content\/uploads\/2025\/02\/cropped-LOGO-RDJ-1.png","contentUrl":"https:\/\/rdjgestion.es\/wp-content\/uploads\/2025\/02\/cropped-LOGO-RDJ-1.png","width":512,"height":512,"caption":"RENO DUBLIN Y JERUSALEN, S.L."},"image":{"@id":"https:\/\/rdjgestion.es\/#\/schema\/logo\/image\/"}}]}},"_links":{"self":[{"href":"https:\/\/rdjgestion.es\/index.php\/wp-json\/wp\/v2\/pages\/18","targetHints":{"allow":["GET"]}}],"collection":[{"href":"https:\/\/rdjgestion.es\/index.php\/wp-json\/wp\/v2\/pages"}],"about":[{"href":"https:\/\/rdjgestion.es\/index.php\/wp-json\/wp\/v2\/types\/page"}],"author":[{"embeddable":true,"href":"https:\/\/rdjgestion.es\/index.php\/wp-json\/wp\/v2\/users\/1"}],"replies":[{"embeddable":true,"href":"https:\/\/rdjgestion.es\/index.php\/wp-json\/wp\/v2\/comments?post=18"}],"version-history":[{"count":16,"href":"https:\/\/rdjgestion.es\/index.php\/wp-json\/wp\/v2\/pages\/18\/revisions"}],"predecessor-version":[{"id":84,"href":"https:\/\/rdjgestion.es\/index.php\/wp-json\/wp\/v2\/pages\/18\/revisions\/84"}],"wp:featuredmedia":[{"embeddable":true,"href":"https:\/\/rdjgestion.es\/index.php\/wp-json\/wp\/v2\/media\/988511"}],"wp:attachment":[{"href":"https:\/\/rdjgestion.es\/index.php\/wp-json\/wp\/v2\/media?parent=18"}],"curies":[{"name":"wp","href":"https:\/\/api.w.org\/{rel}","templated":true}]}}