{"id":987806,"date":"2023-11-03T20:18:55","date_gmt":"2023-11-03T20:18:55","guid":{"rendered":"https:\/\/www.macymas.es\/?page_id=987806"},"modified":"2025-05-15T10:53:34","modified_gmt":"2025-05-15T10:53:34","slug":"declaracion-de-accesibilidad","status":"publish","type":"page","link":"https:\/\/rdjgestion.es\/index.php\/declaracion-de-accesibilidad\/","title":{"rendered":"Declaraci\u00f3n de accesibilidad"},"content":{"rendered":"\t\t<div data-elementor-type=\"wp-page\" data-elementor-id=\"987806\" class=\"elementor elementor-987806\">\n\t\t\t\t\t\t<section class=\"elementor-section elementor-top-section elementor-element elementor-element-3d75cf2 elementor-section-boxed elementor-section-height-default elementor-section-height-default\" data-id=\"3d75cf2\" data-element_type=\"section\">\n\t\t\t\t\t\t<div class=\"elementor-container elementor-column-gap-no\">\n\t\t\t\t\t<div class=\"elementor-column elementor-col-100 elementor-top-column elementor-element elementor-element-2636055\" data-id=\"2636055\" data-element_type=\"column\">\n\t\t\t<div class=\"elementor-widget-wrap elementor-element-populated\">\n\t\t\t\t\t\t<div class=\"elementor-element elementor-element-a3cae85 elementor-widget__width-initial elementor-widget elementor-widget-text-editor\" data-id=\"a3cae85\" data-element_type=\"widget\" data-widget_type=\"text-editor.default\">\n\t\t\t\t<div class=\"elementor-widget-container\">\n\t\t\t\t\t\t\t\t\t<p>Actualizado: 12\/05\/2025<\/p><p><strong>RENO DUBLIN Y JERUSALEN, S.L.<\/strong> se compromete a hacer accesible su sitio web, de conformidad con el <a href=\"http:\/\/www.boe.es\/diario_boe\/txt.php?id=BOE-A-2018-12699\">Real Decreto 1112\/2018, de 7 de septiembre, sobre accesibilidad de los sitios web y aplicaciones para dispositivos m\u00f3viles del sector p\u00fablico.<\/a><\/p><p>La presente declaraci\u00f3n de accesibilidad se aplica al sitio web https:\/\/rdjgestion.es<\/p><p><b><br \/>SITUACI\u00d3N DE CUMPLIMIENTO<\/b><\/p><p>Este sitio web es parcialmente conforme con el <a href=\"http:\/\/www.boe.es\/diario_boe\/txt.php?id=BOE-A-2018-12699\">RD 1112\/2018<\/a> debido a las excepciones y a la falta de conformidad de los aspectos que se indican en el siguiente punto.<\/p><p><b><br \/>CONTENIDO NO ACCESIBLE<\/b><\/p><p>El contenido que se recoge a continuaci\u00f3n no es accesible por lo siguiente:<\/p><ul><li><b><\/b><b>Falta de conformidad con el RD 1112\/2018<\/b><\/li><\/ul><p>Existe contenido audiovisual que no incluye audio descripci\u00f3n o medio alternativo [Requisito n\u00famero 1.2.3 Audiodescripci\u00f3n o medio alternativo] y audiodescripcion grabada [Requisito 1.2.5 Audiodescripci\u00f3n (Grabado)].<\/p><p>Podr\u00edan existir errores de c\u00f3digo puntuales de edici\u00f3n en alguna p\u00e1gina web. [4.1.1 Procesamiento]<\/p><p>Podr\u00edan existir algunos componentes de la interfaz de usuario que no se encuentren etiquetados correctamente. [4.1.2 Nombre, funci\u00f3n, valor]<\/p><ul><li><b><\/b><b>Carga desproporcionada<\/b><\/li><\/ul><p>No aplica.<\/p><ul><li><b><\/b><b>El contenido no entra dentro del \u00e1mbito de la legislaci\u00f3n aplicable<\/b><\/li><\/ul><p>Podr\u00edan existir archivos ofim\u00e1ticos en PDF u otros formatos publicados antes del 20 de septiembre de 2018 que no cumplan en su totalidad todos los requisitos de accesibilidad. Aunque se ha procurado que la mayor\u00eda de ellos s\u00ed lo cumplan.<\/p><p><b><br \/>PREPARACI\u00d3N DE LA PRESENTE DECLARACI\u00d3N DE ACCESIBILIDAD:<\/b><\/p><p>La presente declaraci\u00f3n fue preparada el 20 de Febrero de 2025.<\/p><p>El m\u00e9todo empleado para preparar la declaraci\u00f3n ha sido una autoevaluaci\u00f3n llevada a cabo por la propia entidad.<\/p><p>La Declaraci\u00f3n de Accesibilidad ha sido revisada y actualizada en Febrero de 2025.<\/p><p><b>OBSERVACIONES Y DATOS DE CONTACTO<\/b><\/p><p>Puede realizar comunicaciones sobre requisitos de accesibilidad (art\u00edculo 10.2.a del RD 1112\/2018) como por ejemplo:<\/p><ul><li>informar sobre cualquier posible incumplimiento por parte de este sitio web<\/li><li>transmitir otras dificultades de acceso al contenido<\/li><li>formular cualquier otra consulta o sugerencia de mejora relativa a la accesibilidad del sitio web a trav\u00e9s del\u00a0formulario de contacto\u00a0de este sitio web indicando en el asunto \u00abAccesibilidad Web\u201d.<\/li><\/ul><p>Puede presentar:<\/p><ul><li>Queja relativa al cumplimiento de los requisitos del RD 1112\/2018 o<\/li><li>Solicitud de Informaci\u00f3n accesible relativa a:<br \/>&#8211; Contenidos que est\u00e1n excluidos del \u00e1mbito de aplicaci\u00f3n del RD 1112\/2018 seg\u00fan lo establecido por el art\u00edculo 3, apartado 4.<br \/>&#8211; Contenidos que est\u00e1n exentos del cumplimiento de los requisitos de accesibilidad por imponer una carga desproporcionada.<\/li><\/ul><p><b><br \/>CONTENIDO OPCIONAL<\/b><\/p><p>\u00a0Esta web se han adoptado una serie de medidas cuyo objetivo es mejorar la accesibilidad para:<\/p><ol><li>Facilitar el acceso de las personas independientemente de su condici\u00f3n f\u00edsica o de su entorno.<\/li><li>Incluir contenidos claros y bien estructurados.<\/li><li>Mejorar la navegaci\u00f3n y la experiencia del usuario.<\/li><\/ol><p><b>Bot\u00f3n lateral derecho de Accesibilidad<\/b><\/p><p>En todas las p\u00e1ginas de la web, cuentan con un bot\u00f3n en el lateral derecho con el s\u00edmbolo de accesibilidad, que cuando al pulsar muestra un \u00abpop up\u00bb con diferentes opciones de accesibilidad visual a la p\u00e1gina web.<\/p><p><b>Atajos de teclado<\/b><\/p><p>Puede cambiar el tama\u00f1o del texto y el color, as\u00ed como el fondo de la p\u00e1gina mediante las opciones de configuraci\u00f3n est\u00e1ndar de los navegadores.<\/p><p>Si desea cambiar el tama\u00f1o de letra del texto en los principales navegadores gr\u00e1ficos utilice los siguientes men\u00fas:<\/p><ul><li>Internet Explorer, Mozilla y Firefox: Ver &gt; Tama\u00f1o del texto<\/li><li>Opera: Ver &gt; Zoom<\/li><li>Safari: Ver &gt; Hacer el texto m\u00e1s grande<\/li><li>Chrome: Controla la p\u00e1gina actual &gt; Tama\u00f1o del texto<\/li><li>Para modificar el tama\u00f1o de todo en la p\u00e1gina:<br \/>Ctrl + + para aumentarlo<br \/>Ctrl + &#8211; para disminuirlo<br \/>Ctrl + 0 restaura el tama\u00f1o original del texto<br \/>Si lo que quiere es anular la hoja de estilos o modificar el color del texto, puede usar el bot\u00f3n lateral derecho de Accesibilidad.<\/li><\/ul>\t\t\t\t\t\t\t\t<\/div>\n\t\t\t\t<\/div>\n\t\t\t\t\t<\/div>\n\t\t<\/div>\n\t\t\t\t\t<\/div>\n\t\t<\/section>\n\t\t\t\t<\/div>\n\t\t","protected":false},"excerpt":{"rendered":"<p>Actualizado: 12\/05\/2025 RENO DUBLIN Y JERUSALEN, S.L. se compromete a hacer accesible su sitio web, de conformidad con el Real Decreto 1112\/2018, de 7 de septiembre, sobre accesibilidad de los sitios web y aplicaciones para dispositivos m\u00f3viles del sector p\u00fablico. La presente declaraci\u00f3n de accesibilidad se aplica al sitio web https:\/\/rdjgestion.es SITUACI\u00d3N DE CUMPLIMIENTO Este &hellip; <\/p>\n<p class=\"link-more\"><a href=\"https:\/\/rdjgestion.es\/index.php\/declaracion-de-accesibilidad\/\" class=\"more-link\">Continuar leyendo<span class=\"screen-reader-text\"> \u00abDeclaraci\u00f3n de accesibilidad\u00bb<\/span><\/a><\/p>\n","protected":false},"author":1,"featured_media":988571,"parent":0,"menu_order":16,"comment_status":"closed","ping_status":"closed","template":"","meta":{"footnotes":""},"class_list":["post-987806","page","type-page","status-publish","has-post-thumbnail","hentry"],"yoast_head":"<!-- This site is optimized with the Yoast SEO plugin v27.4 - https:\/\/yoast.com\/product\/yoast-seo-wordpress\/ -->\n<title>Declaraci\u00f3n de accesibilidad - RENO DUBLIN Y JERUSALEN, S.L.<\/title>\n<meta name=\"robots\" content=\"index, follow, max-snippet:-1, max-image-preview:large, max-video-preview:-1\" \/>\n<link rel=\"canonical\" href=\"https:\/\/rdjgestion.es\/index.php\/declaracion-de-accesibilidad\/\" \/>\n<meta property=\"og:locale\" content=\"es_ES\" \/>\n<meta property=\"og:type\" content=\"article\" \/>\n<meta property=\"og:title\" content=\"Declaraci\u00f3n de accesibilidad - RENO DUBLIN Y JERUSALEN, S.L.\" \/>\n<meta property=\"og:description\" content=\"Actualizado: 12\/05\/2025 RENO DUBLIN Y JERUSALEN, S.L. se compromete a hacer accesible su sitio web, de conformidad con el Real Decreto 1112\/2018, de 7 de septiembre, sobre accesibilidad de los sitios web y aplicaciones para dispositivos m\u00f3viles del sector p\u00fablico. La presente declaraci\u00f3n de accesibilidad se aplica al sitio web https:\/\/rdjgestion.es SITUACI\u00d3N DE CUMPLIMIENTO Este &hellip; Continuar leyendo &quot;Declaraci\u00f3n de accesibilidad&quot;\" \/>\n<meta property=\"og:url\" content=\"https:\/\/rdjgestion.es\/index.php\/declaracion-de-accesibilidad\/\" \/>\n<meta property=\"og:site_name\" content=\"RENO DUBLIN Y JERUSALEN, S.L.\" \/>\n<meta property=\"article:modified_time\" content=\"2025-05-15T10:53:34+00:00\" \/>\n<meta property=\"og:image\" content=\"https:\/\/rdjgestion.es\/wp-content\/uploads\/2025\/02\/jess-bailey-q10VITrVYUM-unsplash-scaled.jpg\" \/>\n\t<meta property=\"og:image:width\" content=\"2560\" \/>\n\t<meta property=\"og:image:height\" content=\"1920\" \/>\n\t<meta property=\"og:image:type\" content=\"image\/jpeg\" \/>\n<meta name=\"twitter:card\" content=\"summary_large_image\" \/>\n<meta name=\"twitter:label1\" content=\"Tiempo de lectura\" \/>\n\t<meta name=\"twitter:data1\" content=\"3 minutos\" \/>\n<script type=\"application\/ld+json\" class=\"yoast-schema-graph\">{\"@context\":\"https:\\\/\\\/schema.org\",\"@graph\":[{\"@type\":\"WebPage\",\"@id\":\"https:\\\/\\\/rdjgestion.es\\\/index.php\\\/declaracion-de-accesibilidad\\\/\",\"url\":\"https:\\\/\\\/rdjgestion.es\\\/index.php\\\/declaracion-de-accesibilidad\\\/\",\"name\":\"Declaraci\u00f3n de accesibilidad - RENO DUBLIN Y JERUSALEN, S.L.\",\"isPartOf\":{\"@id\":\"https:\\\/\\\/rdjgestion.es\\\/#website\"},\"primaryImageOfPage\":{\"@id\":\"https:\\\/\\\/rdjgestion.es\\\/index.php\\\/declaracion-de-accesibilidad\\\/#primaryimage\"},\"image\":{\"@id\":\"https:\\\/\\\/rdjgestion.es\\\/index.php\\\/declaracion-de-accesibilidad\\\/#primaryimage\"},\"thumbnailUrl\":\"https:\\\/\\\/rdjgestion.es\\\/wp-content\\\/uploads\\\/2025\\\/02\\\/jess-bailey-q10VITrVYUM-unsplash-scaled.jpg\",\"datePublished\":\"2023-11-03T20:18:55+00:00\",\"dateModified\":\"2025-05-15T10:53:34+00:00\",\"breadcrumb\":{\"@id\":\"https:\\\/\\\/rdjgestion.es\\\/index.php\\\/declaracion-de-accesibilidad\\\/#breadcrumb\"},\"inLanguage\":\"es\",\"potentialAction\":[{\"@type\":\"ReadAction\",\"target\":[\"https:\\\/\\\/rdjgestion.es\\\/index.php\\\/declaracion-de-accesibilidad\\\/\"]}]},{\"@type\":\"ImageObject\",\"inLanguage\":\"es\",\"@id\":\"https:\\\/\\\/rdjgestion.es\\\/index.php\\\/declaracion-de-accesibilidad\\\/#primaryimage\",\"url\":\"https:\\\/\\\/rdjgestion.es\\\/wp-content\\\/uploads\\\/2025\\\/02\\\/jess-bailey-q10VITrVYUM-unsplash-scaled.jpg\",\"contentUrl\":\"https:\\\/\\\/rdjgestion.es\\\/wp-content\\\/uploads\\\/2025\\\/02\\\/jess-bailey-q10VITrVYUM-unsplash-scaled.jpg\",\"width\":2560,\"height\":1920},{\"@type\":\"BreadcrumbList\",\"@id\":\"https:\\\/\\\/rdjgestion.es\\\/index.php\\\/declaracion-de-accesibilidad\\\/#breadcrumb\",\"itemListElement\":[{\"@type\":\"ListItem\",\"position\":1,\"name\":\"Portada\",\"item\":\"https:\\\/\\\/rdjgestion.es\\\/\"},{\"@type\":\"ListItem\",\"position\":2,\"name\":\"Declaraci\u00f3n de accesibilidad\"}]},{\"@type\":\"WebSite\",\"@id\":\"https:\\\/\\\/rdjgestion.es\\\/#website\",\"url\":\"https:\\\/\\\/rdjgestion.es\\\/\",\"name\":\"RENO DUBLIN Y JERUSALEN, S.L.\",\"description\":\"\",\"publisher\":{\"@id\":\"https:\\\/\\\/rdjgestion.es\\\/#organization\"},\"potentialAction\":[{\"@type\":\"SearchAction\",\"target\":{\"@type\":\"EntryPoint\",\"urlTemplate\":\"https:\\\/\\\/rdjgestion.es\\\/?s={search_term_string}\"},\"query-input\":{\"@type\":\"PropertyValueSpecification\",\"valueRequired\":true,\"valueName\":\"search_term_string\"}}],\"inLanguage\":\"es\"},{\"@type\":\"Organization\",\"@id\":\"https:\\\/\\\/rdjgestion.es\\\/#organization\",\"name\":\"RENO DUBLIN Y JERUSALEN, S.L.\",\"url\":\"https:\\\/\\\/rdjgestion.es\\\/\",\"logo\":{\"@type\":\"ImageObject\",\"inLanguage\":\"es\",\"@id\":\"https:\\\/\\\/rdjgestion.es\\\/#\\\/schema\\\/logo\\\/image\\\/\",\"url\":\"https:\\\/\\\/rdjgestion.es\\\/wp-content\\\/uploads\\\/2025\\\/02\\\/cropped-LOGO-RDJ-1.png\",\"contentUrl\":\"https:\\\/\\\/rdjgestion.es\\\/wp-content\\\/uploads\\\/2025\\\/02\\\/cropped-LOGO-RDJ-1.png\",\"width\":512,\"height\":512,\"caption\":\"RENO DUBLIN Y JERUSALEN, S.L.\"},\"image\":{\"@id\":\"https:\\\/\\\/rdjgestion.es\\\/#\\\/schema\\\/logo\\\/image\\\/\"}}]}<\/script>\n<!-- \/ Yoast SEO plugin. -->","yoast_head_json":{"title":"Declaraci\u00f3n de accesibilidad - RENO DUBLIN Y JERUSALEN, S.L.","robots":{"index":"index","follow":"follow","max-snippet":"max-snippet:-1","max-image-preview":"max-image-preview:large","max-video-preview":"max-video-preview:-1"},"canonical":"https:\/\/rdjgestion.es\/index.php\/declaracion-de-accesibilidad\/","og_locale":"es_ES","og_type":"article","og_title":"Declaraci\u00f3n de accesibilidad - RENO DUBLIN Y JERUSALEN, S.L.","og_description":"Actualizado: 12\/05\/2025 RENO DUBLIN Y JERUSALEN, S.L. se compromete a hacer accesible su sitio web, de conformidad con el Real Decreto 1112\/2018, de 7 de septiembre, sobre accesibilidad de los sitios web y aplicaciones para dispositivos m\u00f3viles del sector p\u00fablico. La presente declaraci\u00f3n de accesibilidad se aplica al sitio web https:\/\/rdjgestion.es SITUACI\u00d3N DE CUMPLIMIENTO Este &hellip; Continuar leyendo \"Declaraci\u00f3n de accesibilidad\"","og_url":"https:\/\/rdjgestion.es\/index.php\/declaracion-de-accesibilidad\/","og_site_name":"RENO DUBLIN Y JERUSALEN, S.L.","article_modified_time":"2025-05-15T10:53:34+00:00","og_image":[{"width":2560,"height":1920,"url":"https:\/\/rdjgestion.es\/wp-content\/uploads\/2025\/02\/jess-bailey-q10VITrVYUM-unsplash-scaled.jpg","type":"image\/jpeg"}],"twitter_card":"summary_large_image","twitter_misc":{"Tiempo de lectura":"3 minutos"},"schema":{"@context":"https:\/\/schema.org","@graph":[{"@type":"WebPage","@id":"https:\/\/rdjgestion.es\/index.php\/declaracion-de-accesibilidad\/","url":"https:\/\/rdjgestion.es\/index.php\/declaracion-de-accesibilidad\/","name":"Declaraci\u00f3n de accesibilidad - RENO DUBLIN Y JERUSALEN, S.L.","isPartOf":{"@id":"https:\/\/rdjgestion.es\/#website"},"primaryImageOfPage":{"@id":"https:\/\/rdjgestion.es\/index.php\/declaracion-de-accesibilidad\/#primaryimage"},"image":{"@id":"https:\/\/rdjgestion.es\/index.php\/declaracion-de-accesibilidad\/#primaryimage"},"thumbnailUrl":"https:\/\/rdjgestion.es\/wp-content\/uploads\/2025\/02\/jess-bailey-q10VITrVYUM-unsplash-scaled.jpg","datePublished":"2023-11-03T20:18:55+00:00","dateModified":"2025-05-15T10:53:34+00:00","breadcrumb":{"@id":"https:\/\/rdjgestion.es\/index.php\/declaracion-de-accesibilidad\/#breadcrumb"},"inLanguage":"es","potentialAction":[{"@type":"ReadAction","target":["https:\/\/rdjgestion.es\/index.php\/declaracion-de-accesibilidad\/"]}]},{"@type":"ImageObject","inLanguage":"es","@id":"https:\/\/rdjgestion.es\/index.php\/declaracion-de-accesibilidad\/#primaryimage","url":"https:\/\/rdjgestion.es\/wp-content\/uploads\/2025\/02\/jess-bailey-q10VITrVYUM-unsplash-scaled.jpg","contentUrl":"https:\/\/rdjgestion.es\/wp-content\/uploads\/2025\/02\/jess-bailey-q10VITrVYUM-unsplash-scaled.jpg","width":2560,"height":1920},{"@type":"BreadcrumbList","@id":"https:\/\/rdjgestion.es\/index.php\/declaracion-de-accesibilidad\/#breadcrumb","itemListElement":[{"@type":"ListItem","position":1,"name":"Portada","item":"https:\/\/rdjgestion.es\/"},{"@type":"ListItem","position":2,"name":"Declaraci\u00f3n de accesibilidad"}]},{"@type":"WebSite","@id":"https:\/\/rdjgestion.es\/#website","url":"https:\/\/rdjgestion.es\/","name":"RENO DUBLIN Y JERUSALEN, S.L.","description":"","publisher":{"@id":"https:\/\/rdjgestion.es\/#organization"},"potentialAction":[{"@type":"SearchAction","target":{"@type":"EntryPoint","urlTemplate":"https:\/\/rdjgestion.es\/?s={search_term_string}"},"query-input":{"@type":"PropertyValueSpecification","valueRequired":true,"valueName":"search_term_string"}}],"inLanguage":"es"},{"@type":"Organization","@id":"https:\/\/rdjgestion.es\/#organization","name":"RENO DUBLIN Y JERUSALEN, S.L.","url":"https:\/\/rdjgestion.es\/","logo":{"@type":"ImageObject","inLanguage":"es","@id":"https:\/\/rdjgestion.es\/#\/schema\/logo\/image\/","url":"https:\/\/rdjgestion.es\/wp-content\/uploads\/2025\/02\/cropped-LOGO-RDJ-1.png","contentUrl":"https:\/\/rdjgestion.es\/wp-content\/uploads\/2025\/02\/cropped-LOGO-RDJ-1.png","width":512,"height":512,"caption":"RENO DUBLIN Y JERUSALEN, S.L."},"image":{"@id":"https:\/\/rdjgestion.es\/#\/schema\/logo\/image\/"}}]}},"_links":{"self":[{"href":"https:\/\/rdjgestion.es\/index.php\/wp-json\/wp\/v2\/pages\/987806","targetHints":{"allow":["GET"]}}],"collection":[{"href":"https:\/\/rdjgestion.es\/index.php\/wp-json\/wp\/v2\/pages"}],"about":[{"href":"https:\/\/rdjgestion.es\/index.php\/wp-json\/wp\/v2\/types\/page"}],"author":[{"embeddable":true,"href":"https:\/\/rdjgestion.es\/index.php\/wp-json\/wp\/v2\/users\/1"}],"replies":[{"embeddable":true,"href":"https:\/\/rdjgestion.es\/index.php\/wp-json\/wp\/v2\/comments?post=987806"}],"version-history":[{"count":18,"href":"https:\/\/rdjgestion.es\/index.php\/wp-json\/wp\/v2\/pages\/987806\/revisions"}],"predecessor-version":[{"id":988603,"href":"https:\/\/rdjgestion.es\/index.php\/wp-json\/wp\/v2\/pages\/987806\/revisions\/988603"}],"wp:featuredmedia":[{"embeddable":true,"href":"https:\/\/rdjgestion.es\/index.php\/wp-json\/wp\/v2\/media\/988571"}],"wp:attachment":[{"href":"https:\/\/rdjgestion.es\/index.php\/wp-json\/wp\/v2\/media?parent=987806"}],"curies":[{"name":"wp","href":"https:\/\/api.w.org\/{rel}","templated":true}]}}