{"id":988180,"date":"2023-12-12T18:57:34","date_gmt":"2023-12-12T18:57:34","guid":{"rendered":"https:\/\/www.macymas.es\/?page_id=988180"},"modified":"2025-05-15T10:52:44","modified_gmt":"2025-05-15T10:52:44","slug":"politica-de-privacidad","status":"publish","type":"page","link":"https:\/\/rdjgestion.es\/index.php\/politica-de-privacidad\/","title":{"rendered":"Pol\u00edtica de privacidad"},"content":{"rendered":"\t\t<div data-elementor-type=\"wp-page\" data-elementor-id=\"988180\" class=\"elementor elementor-988180\">\n\t\t\t\t\t\t<section class=\"elementor-section elementor-top-section elementor-element elementor-element-3d75cf2 elementor-section-boxed elementor-section-height-default elementor-section-height-default\" data-id=\"3d75cf2\" data-element_type=\"section\">\n\t\t\t\t\t\t<div class=\"elementor-container elementor-column-gap-no\">\n\t\t\t\t\t<div class=\"elementor-column elementor-col-100 elementor-top-column elementor-element elementor-element-b7e0633\" data-id=\"b7e0633\" data-element_type=\"column\">\n\t\t\t<div class=\"elementor-widget-wrap elementor-element-populated\">\n\t\t\t\t\t\t<div class=\"elementor-element elementor-element-54a692b elementor-widget elementor-widget-text-editor\" data-id=\"54a692b\" data-element_type=\"widget\" data-widget_type=\"text-editor.default\">\n\t\t\t\t<div class=\"elementor-widget-container\">\n\t\t\t\t\t\t\t\t\t<p style=\"font-weight: 400;\"><strong>05RESPONSABLE<\/strong><\/p><p style=\"font-weight: 400;\">Identidad: RENO DUBLIN Y JERUSALEN, S.L.<\/p><p style=\"font-weight: 400;\">Domicilio social: C\/ Dolores Marqu\u00e9s, 33 7-7, Valencia, 46020<\/p><p style=\"font-weight: 400;\">CIF: B98253032<\/p><p style=\"font-weight: 400;\">Tel\u00e9fono: +34 607 963 083<\/p><p style=\"font-weight: 400;\">Correo Electr\u00f3nico: jporter@rdjgestion.es<\/p><p style=\"font-weight: 400;\">Nombre del dominio: https:\/\/www.rdjgestion.es<\/p><p style=\"font-weight: 400;\"><strong>FINALIDADES<\/strong><\/p><p style=\"font-weight: 400;\">En cumplimiento de lo dispuesto en el Reglamento Europeo 2016\/679 General de Protecci\u00f3n de Datos, te informamos de que trataremos los datos que nos facilitas para:<\/p><ul><li>Gestionar la contrataci\u00f3n de servicios que realice a trav\u00e9s de la Plataforma, as\u00ed como la facturaci\u00f3n y entrega correspondiente.<\/li><li>Remitir peri\u00f3dicamente comunicaciones sobre servicios, eventos y noticias relacionadas con las actividades desarrolladas por RENO DUBLIN Y JERUSALEN, S.L., por cualquier medio (tel\u00e9fono, correo postal o email), salvo que se indique lo contrario o el usuario se oponga o revoque su consentimiento.<\/li><li>Remitir informaci\u00f3n comercial y \/ o promocional relacionada con el sector de servicios contratados y valor a\u00f1adido para usuarios finales, salvo que se indique lo contrario o el usuario se oponga o revoque su consentimiento.<\/li><li>Dar cumplimiento a las obligaciones legalmente establecidas, as\u00ed como verificar el cumplimiento de las obligaciones contractuales, inclu\u00eda la prevenci\u00f3n de fraude.<\/li><li>Cesi\u00f3n de datos a organismos y autoridades, siempre y cuando sean requeridos de conformidad con las disposiciones legales y reglamentarias.<\/li><\/ul><p style=\"font-weight: 400;\"><strong>CATEGORIAS DE DATOS<\/strong><\/p><p style=\"font-weight: 400;\">Derivada de las finalidades antes mencionadas, en RENO DUBLIN Y JERUSALEN, S.L. gestionamos las siguientes categor\u00edas de datos:<\/p><ul><li>Datos identificativos.<\/li><li>Metadatos de comunicaciones electr\u00f3nicas.<\/li><li>Datos de informaci\u00f3n comercial. En caso de que el usuario facilite datos de terceros, manifiesta contar con el consentimiento de estos y se compromete a trasladarle la informaci\u00f3n contenida en esta cl\u00e1usula, eximiendo a RENO DUBLIN Y JERUSALEN, S.L. de cualquier responsabilidad en este sentido.<\/li><li>No obstante, RENO DUBLIN Y JERUSALEN, S.L. podr\u00e1 llevar a cabo las verificaciones para constatar este hecho, adoptando las medidas de diligencia debida que correspondan, conforme a la normativa de protecci\u00f3n de datos.<\/li><\/ul><p style=\"font-weight: 400;\"><strong>LEGITIMACION<\/strong><\/p><p style=\"font-weight: 400;\">El tratamiento de datos cuyo fin es el env\u00edo de boletines peri\u00f3dicos (newslettering) sobre servicios, eventos y noticias relacionadas con nuestra actividad profesional se basa en el consentimiento del interesado, solicitado expresamente para llevar a cabo dichos tratamientos, de acuerdo con la normativa vigente.<\/p><p style=\"font-weight: 400;\">Adem\u00e1s, la legitimaci\u00f3n para el tratamiento de los datos relacionados con ofertas o colaboraciones se basan en el consentimiento del usuario que remite sus datos, que puede retirar en cualquier momento, si bien ello puede afectar a la posible comunicaci\u00f3n de forma fluida y obstrucci\u00f3n de procesos que desea realizar.<\/p><p style=\"font-weight: 400;\">Por \u00faltimo, los datos se podr\u00e1n utilizar para dar cumplimiento a las obligaciones legales aplicables a RENO DUBLIN Y JERUSALEN, S.L.<\/p><p style=\"font-weight: 400;\"><strong>PLAZO DE CONSERVACION DE DATOS<\/strong><\/p><p style=\"font-weight: 400;\">RENO DUBLIN Y JERUSALEN, S.L. conservar\u00e1 los datos personales de los usuarios \u00fanicamente durante el tiempo necesario para la realizaci\u00f3n de las finalidades para las que fueron recogidos, mientras no revoque los consentimientos otorgados. Posteriormente, en caso de ser necesario, mantendr\u00e1 la informaci\u00f3n bloqueada durante los plazos legalmente establecidos.<\/p><p style=\"font-weight: 400;\"><strong>DESTINATARIOS<\/strong><\/p><p style=\"font-weight: 400;\">Tus datos podr\u00e1n ser accedidos por aquellos proveedores que prestan servicios a RENO DUBLIN Y JERUSALEN, S.L., tales como servicios de alojamiento, herramientas de marketing y sistemas de contenido u otros profesionales, cuando dicha comunicaci\u00f3n sea necesaria normativamente, o para la ejecuci\u00f3n de los servicios contratados.<\/p><p style=\"font-weight: 400;\">RENO DUBLIN Y JERUSALEN, S.L., ha suscrito los correspondientes contratos de encargo de tratamiento con cada uno de los proveedores que prestan servicios a RENO DUBLIN Y JERUSALEN, S.L., con el objetivo de garantizar que dichos proveedores tratar\u00e1n tus datos de conformidad con lo establecido en la legislaci\u00f3n vigente.<\/p><p style=\"font-weight: 400;\">Tambi\u00e9n podr\u00e1n ser cedidos a las Fuerzas y Cuerpos de Seguridad del Estado en los casos que exista una obligaci\u00f3n legal.<\/p><p style=\"font-weight: 400;\">Bancos y entidades financieras, para el cobro de los servicios.<\/p><p style=\"font-weight: 400;\">Administraciones p\u00fablicas con competencia en los sectores de actividad, cuando as\u00ed lo establezca la normativa vigente.<\/p><p style=\"font-weight: 400;\"><strong>SEGURIDAD DE LA INFORMACION<\/strong><\/p><p style=\"font-weight: 400;\">Para proteger las diferentes tipolog\u00edas de datos reflejados en esta pol\u00edtica de privacidad llevar\u00e1 a cabo las medidas de seguridad t\u00e9cnicas necesarias para evitar su p\u00e9rdida, manipulaci\u00f3n, difusi\u00f3n o alteraci\u00f3n.<\/p><ul><li>Encriptaci\u00f3n de las comunicaciones entre el dispositivo del usuario y los servidores de RENO DUBLIN Y JERUSALEN, S.L.<\/li><li>Encriptaci\u00f3n de la informaci\u00f3n en los propios servidores de RENO DUBLIN Y JERUSALEN, S.L.<\/li><li>Otras medidas que eviten el acceso a los datos del usuario por parte de terceros.<\/li><li>En aquellos casos en los que RENO DUBLIN Y JERUSALEN, S.L. cuente con prestadores de servicio para el mantenimiento de la plataforma que se encuentren fuera de la Uni\u00f3n Europea, estas trasferencias internacionales se hayan regularizadas atendiendo al compromiso de RENO DUBLIN Y JERUSALEN, S.L. con la protecci\u00f3n, integridad y seguridad de los datos personales de los usuarios.<\/li><\/ul><p style=\"font-weight: 400;\"><strong>DERECHOS<\/strong><\/p><p style=\"font-weight: 400;\">Tienes derecho a obtener confirmaci\u00f3n sobre si en RENO DUBLIN Y JERUSALEN, S.L. estamos tratando datos personales que te conciernan, o no.<\/p><p style=\"font-weight: 400;\">Asimismo, tienes derecho a acceder a tus datos personales, as\u00ed como a solicitar la rectificaci\u00f3n de los datos inexactos o, en su caso, solicitar su supresi\u00f3n cuando, entre otros motivos, los datos ya no sean necesarios para los fines que fueron recogidos.<\/p><p style=\"font-weight: 400;\">En determinadas circunstancias, podr\u00e1s solicitar la limitaci\u00f3n del tratamiento de tus datos, en cuyo caso \u00fanicamente los conservaremos para el ejercicio o la defensa de reclamaciones.<\/p><p style=\"font-weight: 400;\">En determinadas circunstancias y por motivos relacionados con tu situaci\u00f3n particular, podr\u00e1s oponerte al tratamiento de tus datos. RENO DUBLIN Y JERUSALEN, S.L. dejar\u00e1 de tratar los datos, salvo por motivos leg\u00edtimos imperiosos, o el ejercicio o la defensa de posibles reclamaciones.<\/p><p style=\"font-weight: 400;\">Asimismo, puedes ejercer el derecho a la portabilidad de los datos, as\u00ed como retirar los consentimientos facilitados en cualquier momento, sin que ello afecte a la licitud del tratamiento basado en el consentimiento previo a su retirada.<\/p><p style=\"font-weight: 400;\">Si deseas hacer uso de cualquiera de tus derechos puede dirigirse a jporter@rdjgesti\u00f3n.es.<\/p><p style=\"font-weight: 400;\">Por \u00faltimo, te informamos que puedes dirigirte ante la Agencia Espa\u00f1ola de Protecci\u00f3n de Datos y dem\u00e1s organismos p\u00fablicos competentes para cualquier reclamaci\u00f3n derivada del tratamiento de tus datos personales.<\/p><p style=\"font-weight: 400;\"><strong>MODIFICACION DE LA POLITICA DE PRIVACIDAD<\/strong><\/p><p style=\"font-weight: 400;\">RENO DUBLIN Y JERUSALEN, S.L. podr\u00e1 modificar la presente Pol\u00edtica de Privacidad en cualquier momento, siendo publicadas las sucesivas versiones en el Sitio Web. En cualquier caso, RENO DUBLIN Y JERUSALEN, S.L. comunicar\u00e1 con previo aviso las modificaciones de la presente pol\u00edtica que afecten a los usuarios a fin de que puedan aceptar las mismas.<\/p><p style=\"font-weight: 400;\">La presente Pol\u00edtica de Privacidad se encuentra actualizada a fecha 12\/052\/2025 RENO DUBLIN Y JERUSALEN, S.L. (Espa\u00f1a). Reservados todos los derechos.<\/p>\t\t\t\t\t\t\t\t<\/div>\n\t\t\t\t<\/div>\n\t\t\t\t\t<\/div>\n\t\t<\/div>\n\t\t\t\t\t<\/div>\n\t\t<\/section>\n\t\t\t\t<\/div>\n\t\t","protected":false},"excerpt":{"rendered":"<p>05RESPONSABLE Identidad: RENO DUBLIN Y JERUSALEN, S.L. Domicilio social: C\/ Dolores Marqu\u00e9s, 33 7-7, Valencia, 46020 CIF: B98253032 Tel\u00e9fono: +34 607 963 083 Correo Electr\u00f3nico: jporter@rdjgestion.es Nombre del dominio: https:\/\/www.rdjgestion.es FINALIDADES En cumplimiento de lo dispuesto en el Reglamento Europeo 2016\/679 General de Protecci\u00f3n de Datos, te informamos de que trataremos los datos que nos &hellip; <\/p>\n<p class=\"link-more\"><a href=\"https:\/\/rdjgestion.es\/index.php\/politica-de-privacidad\/\" class=\"more-link\">Continuar leyendo<span class=\"screen-reader-text\"> \u00abPol\u00edtica de privacidad\u00bb<\/span><\/a><\/p>\n","protected":false},"author":1,"featured_media":988571,"parent":0,"menu_order":15,"comment_status":"closed","ping_status":"closed","template":"","meta":{"footnotes":""},"class_list":["post-988180","page","type-page","status-publish","has-post-thumbnail","hentry"],"yoast_head":"<!-- This site is optimized with the Yoast SEO plugin v27.4 - https:\/\/yoast.com\/product\/yoast-seo-wordpress\/ -->\n<title>Pol\u00edtica de privacidad - RENO DUBLIN Y JERUSALEN, S.L.<\/title>\n<meta name=\"robots\" content=\"index, follow, max-snippet:-1, max-image-preview:large, max-video-preview:-1\" \/>\n<link rel=\"canonical\" href=\"https:\/\/rdjgestion.es\/index.php\/politica-de-privacidad\/\" \/>\n<meta property=\"og:locale\" content=\"es_ES\" \/>\n<meta property=\"og:type\" content=\"article\" \/>\n<meta property=\"og:title\" content=\"Pol\u00edtica de privacidad - RENO DUBLIN Y JERUSALEN, S.L.\" \/>\n<meta property=\"og:description\" content=\"05RESPONSABLE Identidad: RENO DUBLIN Y JERUSALEN, S.L. Domicilio social: C\/ Dolores Marqu\u00e9s, 33 7-7, Valencia, 46020 CIF: B98253032 Tel\u00e9fono: +34 607 963 083 Correo Electr\u00f3nico: jporter@rdjgestion.es Nombre del dominio: https:\/\/www.rdjgestion.es FINALIDADES En cumplimiento de lo dispuesto en el Reglamento Europeo 2016\/679 General de Protecci\u00f3n de Datos, te informamos de que trataremos los datos que nos &hellip; Continuar leyendo &quot;Pol\u00edtica de privacidad&quot;\" \/>\n<meta property=\"og:url\" content=\"https:\/\/rdjgestion.es\/index.php\/politica-de-privacidad\/\" \/>\n<meta property=\"og:site_name\" content=\"RENO DUBLIN Y JERUSALEN, S.L.\" \/>\n<meta property=\"article:modified_time\" content=\"2025-05-15T10:52:44+00:00\" \/>\n<meta property=\"og:image\" content=\"https:\/\/rdjgestion.es\/wp-content\/uploads\/2025\/02\/jess-bailey-q10VITrVYUM-unsplash-scaled.jpg\" \/>\n\t<meta property=\"og:image:width\" content=\"2560\" \/>\n\t<meta property=\"og:image:height\" content=\"1920\" \/>\n\t<meta property=\"og:image:type\" content=\"image\/jpeg\" \/>\n<meta name=\"twitter:card\" content=\"summary_large_image\" \/>\n<meta name=\"twitter:label1\" content=\"Tiempo de lectura\" \/>\n\t<meta name=\"twitter:data1\" content=\"6 minutos\" \/>\n<script type=\"application\/ld+json\" class=\"yoast-schema-graph\">{\"@context\":\"https:\\\/\\\/schema.org\",\"@graph\":[{\"@type\":\"WebPage\",\"@id\":\"https:\\\/\\\/rdjgestion.es\\\/index.php\\\/politica-de-privacidad\\\/\",\"url\":\"https:\\\/\\\/rdjgestion.es\\\/index.php\\\/politica-de-privacidad\\\/\",\"name\":\"Pol\u00edtica de privacidad - RENO DUBLIN Y JERUSALEN, S.L.\",\"isPartOf\":{\"@id\":\"https:\\\/\\\/rdjgestion.es\\\/#website\"},\"primaryImageOfPage\":{\"@id\":\"https:\\\/\\\/rdjgestion.es\\\/index.php\\\/politica-de-privacidad\\\/#primaryimage\"},\"image\":{\"@id\":\"https:\\\/\\\/rdjgestion.es\\\/index.php\\\/politica-de-privacidad\\\/#primaryimage\"},\"thumbnailUrl\":\"https:\\\/\\\/rdjgestion.es\\\/wp-content\\\/uploads\\\/2025\\\/02\\\/jess-bailey-q10VITrVYUM-unsplash-scaled.jpg\",\"datePublished\":\"2023-12-12T18:57:34+00:00\",\"dateModified\":\"2025-05-15T10:52:44+00:00\",\"breadcrumb\":{\"@id\":\"https:\\\/\\\/rdjgestion.es\\\/index.php\\\/politica-de-privacidad\\\/#breadcrumb\"},\"inLanguage\":\"es\",\"potentialAction\":[{\"@type\":\"ReadAction\",\"target\":[\"https:\\\/\\\/rdjgestion.es\\\/index.php\\\/politica-de-privacidad\\\/\"]}]},{\"@type\":\"ImageObject\",\"inLanguage\":\"es\",\"@id\":\"https:\\\/\\\/rdjgestion.es\\\/index.php\\\/politica-de-privacidad\\\/#primaryimage\",\"url\":\"https:\\\/\\\/rdjgestion.es\\\/wp-content\\\/uploads\\\/2025\\\/02\\\/jess-bailey-q10VITrVYUM-unsplash-scaled.jpg\",\"contentUrl\":\"https:\\\/\\\/rdjgestion.es\\\/wp-content\\\/uploads\\\/2025\\\/02\\\/jess-bailey-q10VITrVYUM-unsplash-scaled.jpg\",\"width\":2560,\"height\":1920},{\"@type\":\"BreadcrumbList\",\"@id\":\"https:\\\/\\\/rdjgestion.es\\\/index.php\\\/politica-de-privacidad\\\/#breadcrumb\",\"itemListElement\":[{\"@type\":\"ListItem\",\"position\":1,\"name\":\"Portada\",\"item\":\"https:\\\/\\\/rdjgestion.es\\\/\"},{\"@type\":\"ListItem\",\"position\":2,\"name\":\"Pol\u00edtica de privacidad\"}]},{\"@type\":\"WebSite\",\"@id\":\"https:\\\/\\\/rdjgestion.es\\\/#website\",\"url\":\"https:\\\/\\\/rdjgestion.es\\\/\",\"name\":\"RENO DUBLIN Y JERUSALEN, S.L.\",\"description\":\"\",\"publisher\":{\"@id\":\"https:\\\/\\\/rdjgestion.es\\\/#organization\"},\"potentialAction\":[{\"@type\":\"SearchAction\",\"target\":{\"@type\":\"EntryPoint\",\"urlTemplate\":\"https:\\\/\\\/rdjgestion.es\\\/?s={search_term_string}\"},\"query-input\":{\"@type\":\"PropertyValueSpecification\",\"valueRequired\":true,\"valueName\":\"search_term_string\"}}],\"inLanguage\":\"es\"},{\"@type\":\"Organization\",\"@id\":\"https:\\\/\\\/rdjgestion.es\\\/#organization\",\"name\":\"RENO DUBLIN Y JERUSALEN, S.L.\",\"url\":\"https:\\\/\\\/rdjgestion.es\\\/\",\"logo\":{\"@type\":\"ImageObject\",\"inLanguage\":\"es\",\"@id\":\"https:\\\/\\\/rdjgestion.es\\\/#\\\/schema\\\/logo\\\/image\\\/\",\"url\":\"https:\\\/\\\/rdjgestion.es\\\/wp-content\\\/uploads\\\/2025\\\/02\\\/cropped-LOGO-RDJ-1.png\",\"contentUrl\":\"https:\\\/\\\/rdjgestion.es\\\/wp-content\\\/uploads\\\/2025\\\/02\\\/cropped-LOGO-RDJ-1.png\",\"width\":512,\"height\":512,\"caption\":\"RENO DUBLIN Y JERUSALEN, S.L.\"},\"image\":{\"@id\":\"https:\\\/\\\/rdjgestion.es\\\/#\\\/schema\\\/logo\\\/image\\\/\"}}]}<\/script>\n<!-- \/ Yoast SEO plugin. -->","yoast_head_json":{"title":"Pol\u00edtica de privacidad - RENO DUBLIN Y JERUSALEN, S.L.","robots":{"index":"index","follow":"follow","max-snippet":"max-snippet:-1","max-image-preview":"max-image-preview:large","max-video-preview":"max-video-preview:-1"},"canonical":"https:\/\/rdjgestion.es\/index.php\/politica-de-privacidad\/","og_locale":"es_ES","og_type":"article","og_title":"Pol\u00edtica de privacidad - RENO DUBLIN Y JERUSALEN, S.L.","og_description":"05RESPONSABLE Identidad: RENO DUBLIN Y JERUSALEN, S.L. Domicilio social: C\/ Dolores Marqu\u00e9s, 33 7-7, Valencia, 46020 CIF: B98253032 Tel\u00e9fono: +34 607 963 083 Correo Electr\u00f3nico: jporter@rdjgestion.es Nombre del dominio: https:\/\/www.rdjgestion.es FINALIDADES En cumplimiento de lo dispuesto en el Reglamento Europeo 2016\/679 General de Protecci\u00f3n de Datos, te informamos de que trataremos los datos que nos &hellip; Continuar leyendo \"Pol\u00edtica de privacidad\"","og_url":"https:\/\/rdjgestion.es\/index.php\/politica-de-privacidad\/","og_site_name":"RENO DUBLIN Y JERUSALEN, S.L.","article_modified_time":"2025-05-15T10:52:44+00:00","og_image":[{"width":2560,"height":1920,"url":"https:\/\/rdjgestion.es\/wp-content\/uploads\/2025\/02\/jess-bailey-q10VITrVYUM-unsplash-scaled.jpg","type":"image\/jpeg"}],"twitter_card":"summary_large_image","twitter_misc":{"Tiempo de lectura":"6 minutos"},"schema":{"@context":"https:\/\/schema.org","@graph":[{"@type":"WebPage","@id":"https:\/\/rdjgestion.es\/index.php\/politica-de-privacidad\/","url":"https:\/\/rdjgestion.es\/index.php\/politica-de-privacidad\/","name":"Pol\u00edtica de privacidad - RENO DUBLIN Y JERUSALEN, S.L.","isPartOf":{"@id":"https:\/\/rdjgestion.es\/#website"},"primaryImageOfPage":{"@id":"https:\/\/rdjgestion.es\/index.php\/politica-de-privacidad\/#primaryimage"},"image":{"@id":"https:\/\/rdjgestion.es\/index.php\/politica-de-privacidad\/#primaryimage"},"thumbnailUrl":"https:\/\/rdjgestion.es\/wp-content\/uploads\/2025\/02\/jess-bailey-q10VITrVYUM-unsplash-scaled.jpg","datePublished":"2023-12-12T18:57:34+00:00","dateModified":"2025-05-15T10:52:44+00:00","breadcrumb":{"@id":"https:\/\/rdjgestion.es\/index.php\/politica-de-privacidad\/#breadcrumb"},"inLanguage":"es","potentialAction":[{"@type":"ReadAction","target":["https:\/\/rdjgestion.es\/index.php\/politica-de-privacidad\/"]}]},{"@type":"ImageObject","inLanguage":"es","@id":"https:\/\/rdjgestion.es\/index.php\/politica-de-privacidad\/#primaryimage","url":"https:\/\/rdjgestion.es\/wp-content\/uploads\/2025\/02\/jess-bailey-q10VITrVYUM-unsplash-scaled.jpg","contentUrl":"https:\/\/rdjgestion.es\/wp-content\/uploads\/2025\/02\/jess-bailey-q10VITrVYUM-unsplash-scaled.jpg","width":2560,"height":1920},{"@type":"BreadcrumbList","@id":"https:\/\/rdjgestion.es\/index.php\/politica-de-privacidad\/#breadcrumb","itemListElement":[{"@type":"ListItem","position":1,"name":"Portada","item":"https:\/\/rdjgestion.es\/"},{"@type":"ListItem","position":2,"name":"Pol\u00edtica de privacidad"}]},{"@type":"WebSite","@id":"https:\/\/rdjgestion.es\/#website","url":"https:\/\/rdjgestion.es\/","name":"RENO DUBLIN Y JERUSALEN, S.L.","description":"","publisher":{"@id":"https:\/\/rdjgestion.es\/#organization"},"potentialAction":[{"@type":"SearchAction","target":{"@type":"EntryPoint","urlTemplate":"https:\/\/rdjgestion.es\/?s={search_term_string}"},"query-input":{"@type":"PropertyValueSpecification","valueRequired":true,"valueName":"search_term_string"}}],"inLanguage":"es"},{"@type":"Organization","@id":"https:\/\/rdjgestion.es\/#organization","name":"RENO DUBLIN Y JERUSALEN, S.L.","url":"https:\/\/rdjgestion.es\/","logo":{"@type":"ImageObject","inLanguage":"es","@id":"https:\/\/rdjgestion.es\/#\/schema\/logo\/image\/","url":"https:\/\/rdjgestion.es\/wp-content\/uploads\/2025\/02\/cropped-LOGO-RDJ-1.png","contentUrl":"https:\/\/rdjgestion.es\/wp-content\/uploads\/2025\/02\/cropped-LOGO-RDJ-1.png","width":512,"height":512,"caption":"RENO DUBLIN Y JERUSALEN, S.L."},"image":{"@id":"https:\/\/rdjgestion.es\/#\/schema\/logo\/image\/"}}]}},"_links":{"self":[{"href":"https:\/\/rdjgestion.es\/index.php\/wp-json\/wp\/v2\/pages\/988180","targetHints":{"allow":["GET"]}}],"collection":[{"href":"https:\/\/rdjgestion.es\/index.php\/wp-json\/wp\/v2\/pages"}],"about":[{"href":"https:\/\/rdjgestion.es\/index.php\/wp-json\/wp\/v2\/types\/page"}],"author":[{"embeddable":true,"href":"https:\/\/rdjgestion.es\/index.php\/wp-json\/wp\/v2\/users\/1"}],"replies":[{"embeddable":true,"href":"https:\/\/rdjgestion.es\/index.php\/wp-json\/wp\/v2\/comments?post=988180"}],"version-history":[{"count":18,"href":"https:\/\/rdjgestion.es\/index.php\/wp-json\/wp\/v2\/pages\/988180\/revisions"}],"predecessor-version":[{"id":988600,"href":"https:\/\/rdjgestion.es\/index.php\/wp-json\/wp\/v2\/pages\/988180\/revisions\/988600"}],"wp:featuredmedia":[{"embeddable":true,"href":"https:\/\/rdjgestion.es\/index.php\/wp-json\/wp\/v2\/media\/988571"}],"wp:attachment":[{"href":"https:\/\/rdjgestion.es\/index.php\/wp-json\/wp\/v2\/media?parent=988180"}],"curies":[{"name":"wp","href":"https:\/\/api.w.org\/{rel}","templated":true}]}}